{"id":894,"date":"2022-07-07T15:30:07","date_gmt":"2022-07-07T15:30:07","guid":{"rendered":"https:\/\/theke.io\/blog\/?page_id=894"},"modified":"2022-07-07T15:56:29","modified_gmt":"2022-07-07T15:56:29","slug":"demos","status":"publish","type":"page","link":"https:\/\/theke.io\/blog\/demos\/","title":{"rendered":"Demos"},"content":{"rendered":"\n<p class=\"has-text-color has-medium-font-size\" style=\"color:#095867\"><strong>\u00bf No conoces las herramientas que ofrecemos? \u00a1Te dejamos los demos de los sistemas! <\/strong><\/p>\n\n\n\n<div class=\"wp-block-media-text alignwide is-stacked-on-mobile\" style=\"grid-template-columns:28% auto\"><figure class=\"wp-block-media-text__media\"><img loading=\"lazy\" decoding=\"async\" width=\"240\" height=\"210\" src=\"https:\/\/theke.io\/blog\/wp-content\/uploads\/2022\/07\/dspace.png\" alt=\"\" class=\"wp-image-895 size-full\"\/><\/figure><div class=\"wp-block-media-text__content\">\n<p class=\"has-text-color has-medium-font-size\" style=\"color:#147d90\"><strong>DSpace 6.3<\/strong><\/p>\n\n\n\n<p class=\"has-black-color has-text-color\">DSpace es un software de c\u00f3digo abierto que provee herramientas para la administraci\u00f3n de colecciones digitales, y com\u00fanmente es usada como soluci\u00f3n de repositorio bibliogr\u00e1fico institucional. Soporta una gran variedad de datos, incluyendo libros, tesis, fotograf\u00edas, filmes, video, datos de investigaci\u00f3n y otras formas de contenido. Los datos son organizados como \u00edtems que pertenecen a una colecci\u00f3n; cada colecci\u00f3n pertenece a una comunidad.<\/p>\n\n\n\n<p><a href=\"https:\/\/demo.dspace.theke.io\/\">https:\/\/demo.dspace.theke.io\/<\/a><\/p>\n\n\n\n<p>Usuario:<br>Contrase\u00f1a:<\/p>\n<\/div><\/div>\n","protected":false},"excerpt":{"rendered":"<p>\u00bf No conoces las herramientas que ofrecemos? \u00a1Te dejamos los demos de los sistemas! DSpace 6.3 DSpace es un software de c\u00f3digo abierto que provee herramientas para la administraci\u00f3n de colecciones digitales, y com\u00fanmente es usada como soluci\u00f3n de repositorio bibliogr\u00e1fico institucional. Soporta una gran variedad de datos, incluyendo libros, tesis, fotograf\u00edas, filmes, video, datos &hellip; <\/p>\n<p><a class=\"more-link btn\" href=\"https:\/\/theke.io\/blog\/demos\/\">Seguir leyendo<\/a><\/p>\n","protected":false},"author":2,"featured_media":0,"parent":0,"menu_order":0,"comment_status":"closed","ping_status":"closed","template":"","meta":{"footnotes":""},"class_list":["post-894","page","type-page","status-publish","hentry","nodate","item-wrap"],"_links":{"self":[{"href":"https:\/\/theke.io\/blog\/wp-json\/wp\/v2\/pages\/894","targetHints":{"allow":["GET"]}}],"collection":[{"href":"https:\/\/theke.io\/blog\/wp-json\/wp\/v2\/pages"}],"about":[{"href":"https:\/\/theke.io\/blog\/wp-json\/wp\/v2\/types\/page"}],"author":[{"embeddable":true,"href":"https:\/\/theke.io\/blog\/wp-json\/wp\/v2\/users\/2"}],"replies":[{"embeddable":true,"href":"https:\/\/theke.io\/blog\/wp-json\/wp\/v2\/comments?post=894"}],"version-history":[{"count":6,"href":"https:\/\/theke.io\/blog\/wp-json\/wp\/v2\/pages\/894\/revisions"}],"predecessor-version":[{"id":905,"href":"https:\/\/theke.io\/blog\/wp-json\/wp\/v2\/pages\/894\/revisions\/905"}],"wp:attachment":[{"href":"https:\/\/theke.io\/blog\/wp-json\/wp\/v2\/media?parent=894"}],"curies":[{"name":"wp","href":"https:\/\/api.w.org\/{rel}","templated":true}]}}