{"id":885,"date":"2022-07-07T05:29:14","date_gmt":"2022-07-07T05:29:14","guid":{"rendered":"https:\/\/theke.io\/blog\/?page_id=885"},"modified":"2022-07-07T05:29:15","modified_gmt":"2022-07-07T05:29:15","slug":"aspen-discovery","status":"publish","type":"page","link":"https:\/\/theke.io\/blog\/aspen-discovery\/","title":{"rendered":"Aspen Discovery"},"content":{"rendered":"\n<h2 class=\"has-text-color wp-block-heading\" style=\"color:#749d3f;font-style:italic;font-weight:700\"><strong>\u00a1Toda la informaci\u00f3n en un solo lugar!<\/strong><\/h2>\n\n\n\n<p class=\"has-background\" style=\"background-color:#ffffff26\">Actualmente las bibliotecas manejan grandes cantidades de vol\u00famenes de informaci\u00f3n, la mayor\u00eda de forma dispersa. Por esto desde Theke te ofrecemos la soluci\u00f3n a este problema. Aspen Discovery es un servicio de descubrimiento el cual les permitir\u00e1 incorporar de forma f\u00e1cil contenido electr\u00f3nico, su catalogo, y los servicios de terceros todo en una misma plataforma.<\/p>\n\n\n\n<p class=\"has-text-color\" style=\"color:#69c1a5\"><strong>CARACTERISTICAS<\/strong><\/p>\n\n\n\n<ul class=\"wp-block-list\"><li>Constructor de sitios web<\/li><li>Recomendaciones de lectura integradas<\/li><li>Relevancia mejorada<\/li><li>Totalmente responsivo<\/li><li>Agrupaci\u00f3n de registros (FRBR)<\/li><\/ul>\n\n\n\n<p class=\"has-text-color\" style=\"color:#69c1a5\"><strong>INTEGRACIONES<\/strong><\/p>\n\n\n\n<ul class=\"wp-block-list\"><li>Se integra con los principales sistemas bibliotecarios<\/li><li>Integraci\u00f3n total de contenidos electr\u00f3nicos<\/li><li>Integraci\u00f3n de archivos digitales<\/li><li>B\u00fasqueda e integraci\u00f3n en el sitio web<\/li><li>Personalizable para cada biblioteca<\/li><\/ul>\n\n\n<div class=\"wp-block-image\">\n<figure class=\"aligncenter size-full is-resized\"><img loading=\"lazy\" decoding=\"async\" src=\"https:\/\/theke.io\/blog\/wp-content\/uploads\/2022\/07\/AspenDiscovery_Icon_RGB.jpg\" alt=\"\" class=\"wp-image-890\" width=\"166\" height=\"166\" srcset=\"https:\/\/theke.io\/blog\/wp-content\/uploads\/2022\/07\/AspenDiscovery_Icon_RGB.jpg 1000w, https:\/\/theke.io\/blog\/wp-content\/uploads\/2022\/07\/AspenDiscovery_Icon_RGB-300x300.jpg 300w, https:\/\/theke.io\/blog\/wp-content\/uploads\/2022\/07\/AspenDiscovery_Icon_RGB-100x100.jpg 100w, https:\/\/theke.io\/blog\/wp-content\/uploads\/2022\/07\/AspenDiscovery_Icon_RGB-600x600.jpg 600w, https:\/\/theke.io\/blog\/wp-content\/uploads\/2022\/07\/AspenDiscovery_Icon_RGB-150x150.jpg 150w, https:\/\/theke.io\/blog\/wp-content\/uploads\/2022\/07\/AspenDiscovery_Icon_RGB-768x768.jpg 768w\" sizes=\"auto, (max-width: 166px) 100vw, 166px\" \/><\/figure>\n<\/div>","protected":false},"excerpt":{"rendered":"<p>\u00a1Toda la informaci\u00f3n en un solo lugar! Actualmente las bibliotecas manejan grandes cantidades de vol\u00famenes de informaci\u00f3n, la mayor\u00eda de forma dispersa. Por esto desde Theke te ofrecemos la soluci\u00f3n a este problema. Aspen Discovery es un servicio de descubrimiento el cual les permitir\u00e1 incorporar de forma f\u00e1cil contenido electr\u00f3nico, su catalogo, y los servicios &hellip; <\/p>\n<p><a class=\"more-link btn\" href=\"https:\/\/theke.io\/blog\/aspen-discovery\/\">Seguir leyendo<\/a><\/p>\n","protected":false},"author":2,"featured_media":886,"parent":0,"menu_order":0,"comment_status":"closed","ping_status":"closed","template":"","meta":{"footnotes":""},"class_list":["post-885","page","type-page","status-publish","has-post-thumbnail","hentry","nodate","item-wrap"],"_links":{"self":[{"href":"https:\/\/theke.io\/blog\/wp-json\/wp\/v2\/pages\/885","targetHints":{"allow":["GET"]}}],"collection":[{"href":"https:\/\/theke.io\/blog\/wp-json\/wp\/v2\/pages"}],"about":[{"href":"https:\/\/theke.io\/blog\/wp-json\/wp\/v2\/types\/page"}],"author":[{"embeddable":true,"href":"https:\/\/theke.io\/blog\/wp-json\/wp\/v2\/users\/2"}],"replies":[{"embeddable":true,"href":"https:\/\/theke.io\/blog\/wp-json\/wp\/v2\/comments?post=885"}],"version-history":[{"count":4,"href":"https:\/\/theke.io\/blog\/wp-json\/wp\/v2\/pages\/885\/revisions"}],"predecessor-version":[{"id":891,"href":"https:\/\/theke.io\/blog\/wp-json\/wp\/v2\/pages\/885\/revisions\/891"}],"wp:featuredmedia":[{"embeddable":true,"href":"https:\/\/theke.io\/blog\/wp-json\/wp\/v2\/media\/886"}],"wp:attachment":[{"href":"https:\/\/theke.io\/blog\/wp-json\/wp\/v2\/media?parent=885"}],"curies":[{"name":"wp","href":"https:\/\/api.w.org\/{rel}","templated":true}]}}